{"id":26,"date":"2016-12-14T21:29:27","date_gmt":"2016-12-14T20:29:27","guid":{"rendered":"http:\/\/fairsolution.net\/?page_id=26"},"modified":"2017-01-22T23:29:01","modified_gmt":"2017-01-22T22:29:01","slug":"demo","status":"publish","type":"page","link":"https:\/\/fairsolution.net\/zh\/","title":{"rendered":"\u65b0\u4e16\u754c\u79e9\u5e8f (X\u012bn Sh\u00ecji\u00e8 Zh\u00ecx\u00f9)"},"content":{"rendered":"<p class=\"qtranxs-available-languages-message qtranxs-available-languages-message-zh\">\u5bf9\u4e0d\u8d77\uff0c\u6b64\u5185\u5bb9\u53ea\u9002\u7528\u4e8e<a href=\"https:\/\/fairsolution.net\/en\/wp-json\/wp\/v2\/pages\/26\" class=\"qtranxs-available-language-link qtranxs-available-language-link-en\" title=\"English\">\u7f8e\u5f0f\u82f1\u6587<\/a>\uff0c<a href=\"https:\/\/fairsolution.net\/de\/wp-json\/wp\/v2\/pages\/26\" class=\"qtranxs-available-language-link qtranxs-available-language-link-de\" title=\"Deutsch\">\u5fb7\u6587<\/a>\u548c<a href=\"https:\/\/fairsolution.net\/tr\/wp-json\/wp\/v2\/pages\/26\" class=\"qtranxs-available-language-link qtranxs-available-language-link-tr\" title=\"Turkish\">\u571f\u8033\u5176\u6587<\/a>\u3002<\/p>","protected":false},"excerpt":{"rendered":"<p>\u5bf9\u4e0d\u8d77\uff0c\u6b64\u5185\u5bb9\u53ea\u9002\u7528\u4e8e\u7f8e\u5f0f\u82f1\u6587\uff0c\u5fb7\u6587\u548c\u571f\u8033\u5176\u6587\u3002<\/p>\n","protected":false},"author":1,"featured_media":0,"parent":0,"menu_order":0,"comment_status":"closed","ping_status":"closed","template":"","meta":{"footnotes":""},"_links":{"self":[{"href":"https:\/\/fairsolution.net\/zh\/wp-json\/wp\/v2\/pages\/26"}],"collection":[{"href":"https:\/\/fairsolution.net\/zh\/wp-json\/wp\/v2\/pages"}],"about":[{"href":"https:\/\/fairsolution.net\/zh\/wp-json\/wp\/v2\/types\/page"}],"author":[{"embeddable":true,"href":"https:\/\/fairsolution.net\/zh\/wp-json\/wp\/v2\/users\/1"}],"replies":[{"embeddable":true,"href":"https:\/\/fairsolution.net\/zh\/wp-json\/wp\/v2\/comments?post=26"}],"version-history":[{"count":35,"href":"https:\/\/fairsolution.net\/zh\/wp-json\/wp\/v2\/pages\/26\/revisions"}],"predecessor-version":[{"id":74,"href":"https:\/\/fairsolution.net\/zh\/wp-json\/wp\/v2\/pages\/26\/revisions\/74"}],"wp:attachment":[{"href":"https:\/\/fairsolution.net\/zh\/wp-json\/wp\/v2\/media?parent=26"}],"curies":[{"name":"wp","href":"https:\/\/api.w.org\/{rel}","templated":true}]}}