{"id":26,"date":"2016-12-14T21:29:27","date_gmt":"2016-12-14T20:29:27","guid":{"rendered":"http:\/\/fairsolution.net\/?page_id=26"},"modified":"2017-01-22T23:29:01","modified_gmt":"2017-01-22T22:29:01","slug":"demo","status":"publish","type":"page","link":"https:\/\/fairsolution.net\/ar\/","title":{"rendered":"\u0627\u0644\u0646\u0638\u0627\u0645 \u0627\u0644\u0639\u0627\u0644\u0645\u064a \u0627\u0644\u062c\u062f\u064a\u062f (Al-Ni\u1e93\u0101m Al-\u2018\u0100lam\u012b Al-Jad\u012bd)"},"content":{"rendered":"<p class=\"qtranxs-available-languages-message qtranxs-available-languages-message-ar\">\u0639\u0641\u0648\u0627\u060c \u0647\u0630\u0647 \u0627\u0644\u0645\u062f\u062e\u0644\u0629 \u0645\u0648\u062c\u0648\u062f\u0629 \u0641\u0642\u0637 \u0641\u064a <a href=\"https:\/\/fairsolution.net\/en\/wp-json\/wp\/v2\/pages\/26\" class=\"qtranxs-available-language-link qtranxs-available-language-link-en\" title=\"English\">\u0627\u0644\u0625\u0646\u062c\u0644\u064a\u0632\u064a\u0629 \u0627\u0644\u0623\u0645\u0631\u064a\u0643\u064a\u0629<\/a>, <a href=\"https:\/\/fairsolution.net\/de\/wp-json\/wp\/v2\/pages\/26\" class=\"qtranxs-available-language-link qtranxs-available-language-link-de\" title=\"Deutsch\">\u0627\u0644\u0623\u0644\u0645\u0627\u0646\u064a\u0629<\/a> \u0648 <a href=\"https:\/\/fairsolution.net\/tr\/wp-json\/wp\/v2\/pages\/26\" class=\"qtranxs-available-language-link qtranxs-available-language-link-tr\" title=\"Turkish\">\u0627\u0644\u062a\u0631\u0643\u064a\u0629<\/a>.<\/p>","protected":false},"excerpt":{"rendered":"<p>\u0639\u0641\u0648\u0627\u060c \u0647\u0630\u0647 \u0627\u0644\u0645\u062f\u062e\u0644\u0629 \u0645\u0648\u062c\u0648\u062f\u0629 \u0641\u0642\u0637 \u0641\u064a \u0627\u0644\u0625\u0646\u062c\u0644\u064a\u0632\u064a\u0629 \u0627\u0644\u0623\u0645\u0631\u064a\u0643\u064a\u0629, \u0627\u0644\u0623\u0644\u0645\u0627\u0646\u064a\u0629 \u0648 \u0627\u0644\u062a\u0631\u0643\u064a\u0629.<\/p>\n","protected":false},"author":1,"featured_media":0,"parent":0,"menu_order":0,"comment_status":"closed","ping_status":"closed","template":"","meta":{"footnotes":""},"_links":{"self":[{"href":"https:\/\/fairsolution.net\/ar\/wp-json\/wp\/v2\/pages\/26"}],"collection":[{"href":"https:\/\/fairsolution.net\/ar\/wp-json\/wp\/v2\/pages"}],"about":[{"href":"https:\/\/fairsolution.net\/ar\/wp-json\/wp\/v2\/types\/page"}],"author":[{"embeddable":true,"href":"https:\/\/fairsolution.net\/ar\/wp-json\/wp\/v2\/users\/1"}],"replies":[{"embeddable":true,"href":"https:\/\/fairsolution.net\/ar\/wp-json\/wp\/v2\/comments?post=26"}],"version-history":[{"count":35,"href":"https:\/\/fairsolution.net\/ar\/wp-json\/wp\/v2\/pages\/26\/revisions"}],"predecessor-version":[{"id":74,"href":"https:\/\/fairsolution.net\/ar\/wp-json\/wp\/v2\/pages\/26\/revisions\/74"}],"wp:attachment":[{"href":"https:\/\/fairsolution.net\/ar\/wp-json\/wp\/v2\/media?parent=26"}],"curies":[{"name":"wp","href":"https:\/\/api.w.org\/{rel}","templated":true}]}}